{"id":24,"date":"2019-09-05T20:49:47","date_gmt":"2019-09-05T18:49:47","guid":{"rendered":"http:\/\/tickets.ciademaria.net\/tiendaotroswp\/?page_id=24"},"modified":"2025-09-11T10:12:03","modified_gmt":"2025-09-11T08:12:03","slug":"24-2","status":"publish","type":"page","link":"http:\/\/tienda.ciademaria.net\/ventamatinal\/","title":{"rendered":""},"content":{"rendered":"\n<h1 class=\"wp-block-heading has-text-align-center\">Venta de tickets diarios<br>Servicio de Aula Matinal<\/h1>\n\n\n\n<p class=\"has-small-font-size\"><strong>En el caso de que despu\u00e9s de realizar la compra del ticket, no sea posible la asistencia del alumno, rogamos nos lo comunique al 950 235 422, con la mayor brevedad posible.<\/strong> <\/p>\n\n\n<div class=\"wp-block-image\">\n<figure class=\"aligncenter is-resized\"><img loading=\"lazy\" decoding=\"async\" width=\"626\" height=\"465\" src=\"http:\/\/tienda.ciademaria.net\/ventamatinal\/wp-content\/uploads\/2024\/11\/matinales.jpg\" alt=\"\" class=\"wp-image-13757\" style=\"width:476px;height:353px\" srcset=\"http:\/\/tienda.ciademaria.net\/ventamatinal\/wp-content\/uploads\/2024\/11\/matinales.jpg 626w, http:\/\/tienda.ciademaria.net\/ventamatinal\/wp-content\/uploads\/2024\/11\/matinales-300x223.jpg 300w\" sizes=\"auto, (max-width: 626px) 85vw, 626px\" \/><\/figure><\/div>\n\n\n<p class=\"has-small-font-size\"><strong>Es necesario cumplimentar los apartados obligatorios del siguiente formulario, y despu\u00e9s realizar el pago mediante tarjeta de cr\u00e9dito\/d\u00e9bito.<\/strong>  <strong>Rogamos compruebe que toda la informaci\u00f3n introducida por usted es correcta.<\/strong><\/p>\n\n\n\n<p class=\"has-text-align-center has-medium-font-size\"><strong>El precio del servicio es de 3,15\u20ac<\/strong> <strong>por d\u00eda y alumno<\/strong><\/p>\n\n\n\n<hr class=\"wp-block-separator has-css-opacity\"\/>\n\n\n\n<div class=\"wpcf7 no-js\" id=\"wpcf7-f5-o1\" lang=\"es-ES\" dir=\"ltr\" data-wpcf7-id=\"5\">\n<div class=\"screen-reader-response\"><p role=\"status\" aria-live=\"polite\" aria-atomic=\"true\"><\/p> <ul><\/ul><\/div>\n<form action=\"\/ventamatinal\/wp-json\/wp\/v2\/pages\/24#wpcf7-f5-o1\" method=\"post\" class=\"wpcf7-form init\" aria-label=\"Formulario de contacto\" novalidate=\"novalidate\" data-status=\"init\">\n<fieldset class=\"hidden-fields-container\"><input type=\"hidden\" name=\"_wpcf7\" value=\"5\" \/><input type=\"hidden\" name=\"_wpcf7_version\" value=\"6.1.1\" \/><input type=\"hidden\" name=\"_wpcf7_locale\" value=\"es_ES\" \/><input type=\"hidden\" name=\"_wpcf7_unit_tag\" value=\"wpcf7-f5-o1\" \/><input type=\"hidden\" name=\"_wpcf7_container_post\" value=\"0\" \/><input type=\"hidden\" name=\"_wpcf7_posted_data_hash\" value=\"\" \/>\n<\/fieldset>\n<p><label> Nombre y apellidos del alumno (requerido)<br \/>\n<span class=\"wpcf7-form-control-wrap\" data-name=\"nombapel\"><input size=\"40\" maxlength=\"400\" class=\"wpcf7-form-control wpcf7-text wpcf7-validates-as-required\" aria-required=\"true\" aria-invalid=\"false\" value=\"\" type=\"text\" name=\"nombapel\" \/><\/span> <\/label>\n<\/p>\n<p><label> Curso (requerido)<\/label><br \/>\n<span class=\"wpcf7-form-control-wrap\" data-name=\"curso\"><select class=\"wpcf7-form-control wpcf7-select wpcf7-validates-as-required\" id=\"curso\" aria-required=\"true\" aria-invalid=\"false\" name=\"curso\"><option value=\"\">&#8212;Por favor, elige una opci\u00f3n&#8212;<\/option><option value=\"Infantil 3 a\u00f1os A\">Infantil 3 a\u00f1os A<\/option><option value=\"Infantil 3 a\u00f1os B\">Infantil 3 a\u00f1os B<\/option><option value=\"Infantil 3 a\u00f1os C\">Infantil 3 a\u00f1os C<\/option><option value=\"Infantil 4 a\u00f1os A\">Infantil 4 a\u00f1os A<\/option><option value=\"Infantil 4 a\u00f1os B\">Infantil 4 a\u00f1os B<\/option><option value=\"Infantil 4 a\u00f1os C\">Infantil 4 a\u00f1os C<\/option><option value=\"Infantil 5 a\u00f1os A\">Infantil 5 a\u00f1os A<\/option><option value=\"Infantil 5 a\u00f1os B\">Infantil 5 a\u00f1os B<\/option><option value=\"Infantil 5 a\u00f1os C\">Infantil 5 a\u00f1os C<\/option><option value=\"---\">---<\/option><option value=\"1\u00ba Primaria A\">1\u00ba Primaria A<\/option><option value=\"1\u00ba Primaria B\">1\u00ba Primaria B<\/option><option value=\"1\u00ba Primaria C\">1\u00ba Primaria C<\/option><option value=\"2\u00ba Primaria A\">2\u00ba Primaria A<\/option><option value=\"2\u00ba Primaria B\">2\u00ba Primaria B<\/option><option value=\"2\u00ba Primaria C\">2\u00ba Primaria C<\/option><option value=\"3\u00ba Primaria A\">3\u00ba Primaria A<\/option><option value=\"3\u00ba Primaria B\">3\u00ba Primaria B<\/option><option value=\"3\u00ba Primaria C\">3\u00ba Primaria C<\/option><option value=\"4\u00ba Primaria A\">4\u00ba Primaria A<\/option><option value=\"4\u00ba Primaria B\">4\u00ba Primaria B<\/option><option value=\"4\u00ba Primaria C\">4\u00ba Primaria C<\/option><option value=\"5\u00ba Primaria A\">5\u00ba Primaria A<\/option><option value=\"5\u00ba Primaria B\">5\u00ba Primaria B<\/option><option value=\"5\u00ba Primaria C\">5\u00ba Primaria C<\/option><option value=\"6\u00ba Primaria A\">6\u00ba Primaria A<\/option><option value=\"6\u00ba Primaria B\">6\u00ba Primaria B<\/option><option value=\"6\u00ba Primaria C\">6\u00ba Primaria C<\/option><\/select><\/span>\n<\/p>\n<p><label> Otra informaci\u00f3n<br \/>\n<span class=\"wpcf7-form-control-wrap\" data-name=\"intolerancias\"><textarea cols=\"40\" rows=\"10\" maxlength=\"2000\" class=\"wpcf7-form-control wpcf7-textarea\" aria-invalid=\"false\" name=\"intolerancias\">No aplica.<\/textarea><\/span> <\/label>\n<\/p>\n<p><label> Correo electr\u00f3nico (requerido)<br \/>\n<span class=\"wpcf7-form-control-wrap\" data-name=\"email\"><input size=\"40\" maxlength=\"400\" class=\"wpcf7-form-control wpcf7-email wpcf7-validates-as-required wpcf7-text wpcf7-validates-as-email\" aria-required=\"true\" aria-invalid=\"false\" value=\"\" type=\"email\" name=\"email\" \/><\/span> <\/label>\n<\/p>\n<p><span class=\"wpcf7-form-control-wrap\" data-name=\"Privacidad\"><span class=\"wpcf7-form-control wpcf7-acceptance\"><span class=\"wpcf7-list-item\"><label><input type=\"checkbox\" name=\"Privacidad\" value=\"1\" aria-invalid=\"false\" \/><span class=\"wpcf7-list-item-label\">He le\u00eddo y acepto la Pol\u00edtica de Privacidad.<\/span><\/label><\/span><\/span><\/span>\n<\/p>\n<p>\n\t<font size=\"2\">La entidad responsable responsable del fichero, Colegio Compa\u00f1\u00eda de Mar\u00eda de Almer\u00eda, usar\u00e1 esta informaci\u00f3n para comunicar, y en su caso confirmar, la solicitud de compra del servicio. Los datos enviados se almacenan temporalmente en HOSTING propio. Una vez finalizado su cometido ser\u00e1n eliminados.\n\t<\/font>\n<\/p>\n<p>Introduzca el c\u00f3digo de seguridad: <input type=\"hidden\" name=\"_wpcf7_captcha_challenge_captcha-170\" value=\"213028712\" \/><img loading=\"lazy\" decoding=\"async\" class=\"wpcf7-form-control wpcf7-captchac wpcf7-captcha-captcha-170\" width=\"72\" height=\"24\" alt=\"captcha\" src=\"http:\/\/tienda.ciademaria.net\/ventamatinal\/wp-content\/uploads\/wpcf7_captcha\/213028712.png\" \/><br \/>\n<span class=\"wpcf7-form-control-wrap\" data-name=\"captcha-170\"><input size=\"4\" maxlength=\"4\" class=\"wpcf7-form-control wpcf7-captchar\" autocomplete=\"off\" aria-invalid=\"false\" value=\"\" type=\"text\" name=\"captcha-170\" \/><\/span>\n<\/p>\n<p><input class=\"wpcf7-form-control wpcf7-submit has-spinner\" type=\"submit\" value=\"Continuar con el pago\" \/>\n<\/p><div class=\"wpcf7-response-output\" aria-hidden=\"true\"><\/div>\n<\/form>\n<\/div>\n\n\n\n\n<hr class=\"wp-block-separator has-css-opacity\"\/>\n\n\n<div class=\"wp-block-image\">\n<figure class=\"aligncenter\"><img loading=\"lazy\" decoding=\"async\" width=\"500\" height=\"81\" src=\"http:\/\/tienda.ciademaria.net\/ventamatinal\/wp-content\/uploads\/2019\/09\/logo_almeria-e1568286844576.png\" alt=\"\" class=\"wp-image-8\"\/><\/figure><\/div>","protected":false},"excerpt":{"rendered":"<p>Venta de tickets diariosServicio de Aula Matinal En el caso de que despu\u00e9s de realizar la compra del ticket, no sea posible la asistencia del alumno, rogamos nos lo comunique al 950 235 422, con la mayor brevedad posible. Es necesario cumplimentar los apartados obligatorios del siguiente formulario, y despu\u00e9s realizar el pago mediante tarjeta &hellip; <a href=\"http:\/\/tienda.ciademaria.net\/ventamatinal\/\" class=\"more-link\">Continuar leyendo<span class=\"screen-reader-text\"> \u00ab\u00bb<\/span><\/a><\/p>\n","protected":false},"author":1,"featured_media":0,"parent":0,"menu_order":0,"comment_status":"closed","ping_status":"closed","template":"","meta":{"footnotes":""},"class_list":["post-24","page","type-page","status-publish","hentry"],"_links":{"self":[{"href":"http:\/\/tienda.ciademaria.net\/ventamatinal\/wp-json\/wp\/v2\/pages\/24","targetHints":{"allow":["GET"]}}],"collection":[{"href":"http:\/\/tienda.ciademaria.net\/ventamatinal\/wp-json\/wp\/v2\/pages"}],"about":[{"href":"http:\/\/tienda.ciademaria.net\/ventamatinal\/wp-json\/wp\/v2\/types\/page"}],"author":[{"embeddable":true,"href":"http:\/\/tienda.ciademaria.net\/ventamatinal\/wp-json\/wp\/v2\/users\/1"}],"replies":[{"embeddable":true,"href":"http:\/\/tienda.ciademaria.net\/ventamatinal\/wp-json\/wp\/v2\/comments?post=24"}],"version-history":[{"count":49,"href":"http:\/\/tienda.ciademaria.net\/ventamatinal\/wp-json\/wp\/v2\/pages\/24\/revisions"}],"predecessor-version":[{"id":14112,"href":"http:\/\/tienda.ciademaria.net\/ventamatinal\/wp-json\/wp\/v2\/pages\/24\/revisions\/14112"}],"wp:attachment":[{"href":"http:\/\/tienda.ciademaria.net\/ventamatinal\/wp-json\/wp\/v2\/media?parent=24"}],"curies":[{"name":"wp","href":"https:\/\/api.w.org\/{rel}","templated":true}]}}