{"id":1386,"date":"2020-02-09T13:24:58","date_gmt":"2020-02-09T12:24:58","guid":{"rendered":"http:\/\/tienda.ciademaria.net\/tiendaotroswp1\/?page_id=1386"},"modified":"2026-05-11T12:38:34","modified_gmt":"2026-05-11T10:38:34","slug":"listado-de-actividades","status":"publish","type":"page","link":"http:\/\/tienda.ciademaria.net\/ventaservicios\/","title":{"rendered":""},"content":{"rendered":"\n<p class=\"has-text-align-center has-dark-gray-color has-very-light-gray-to-cyan-bluish-gray-gradient-background has-text-color has-background has-medium-font-size\"><strong>Actividades y servicios COMUNES a todos los <br>niveles educativos<\/strong><\/p>\n\n\n<div class=\"wp-block-image\">\n<figure class=\"aligncenter size-full\"><a href=\"http:\/\/tienda.ciademaria.net\/ventaservicios\/wp-content\/uploads\/2026\/05\/EDV_2026.pdf\"><img loading=\"lazy\" decoding=\"async\" width=\"472\" height=\"494\" src=\"http:\/\/tienda.ciademaria.net\/ventaservicios\/wp-content\/uploads\/2026\/04\/EDV2026.jpg\" alt=\"\" class=\"wp-image-38449\" srcset=\"http:\/\/tienda.ciademaria.net\/ventaservicios\/wp-content\/uploads\/2026\/04\/EDV2026.jpg 472w, http:\/\/tienda.ciademaria.net\/ventaservicios\/wp-content\/uploads\/2026\/04\/EDV2026-287x300.jpg 287w\" sizes=\"auto, (max-width: 472px) 85vw, 472px\" \/><\/a><\/figure><\/div>\n\n\n<p class=\"has-text-align-center has-dark-gray-color has-electric-grass-gradient-background has-text-color has-background has-link-color has-medium-font-size wp-elements-3b57c112c37c30e3196fe14c84a4b751\"><strong>Del el 25 de junio al  31 de julio de 2026<\/strong><br><em><a href=\"http:\/\/tienda.ciademaria.net\/ventaservicios\/wp-content\/uploads\/2026\/05\/EDV_2026.pdf\">Tr\u00edptico informativo<\/a><\/em><br><em><a href=\"http:\/\/tienda.ciademaria.net\/ventaservicios\/?page_id=38398\">Inscripciones y pagos desde \u00e9ste enlace<\/a><\/em><\/p>\n\n\n\n<hr class=\"wp-block-separator has-alpha-channel-opacity is-style-wide\"\/>\n\n\n<div class=\"wp-block-image is-resized\">\n<figure class=\"aligncenter size-full\"><img loading=\"lazy\" decoding=\"async\" width=\"995\" height=\"679\" src=\"http:\/\/tienda.ciademaria.net\/ventaservicios\/wp-content\/uploads\/2025\/09\/ExtraEscoalres2526.png\" alt=\"\" class=\"wp-image-31645\" srcset=\"http:\/\/tienda.ciademaria.net\/ventaservicios\/wp-content\/uploads\/2025\/09\/ExtraEscoalres2526.png 995w, http:\/\/tienda.ciademaria.net\/ventaservicios\/wp-content\/uploads\/2025\/09\/ExtraEscoalres2526-300x205.png 300w, http:\/\/tienda.ciademaria.net\/ventaservicios\/wp-content\/uploads\/2025\/09\/ExtraEscoalres2526-768x524.png 768w\" sizes=\"auto, (max-width: 709px) 85vw, (max-width: 909px) 67vw, (max-width: 1362px) 62vw, 840px\" \/><\/figure><\/div>\n\n\n<p class=\"has-text-align-center has-dark-gray-color has-electric-grass-gradient-background has-text-color has-background has-normal-font-size\"><strong><a href=\"http:\/\/tienda.ciademaria.net\/ventaservicios\/?page_id=31640\">Inscripci\u00f3n y pago para el curso 2025\/2026<\/a><\/strong><\/p>\n\n\n\n<p class=\"has-text-align-center has-pale-ocean-gradient-background has-background\"><strong>Descargue <a href=\"http:\/\/tienda.ciademaria.net\/ventaservicios\/wp-content\/uploads\/2025\/09\/AEX-2025-2026.pdf\" data-type=\"link\" data-id=\"http:\/\/tienda.ciademaria.net\/ventaservicios\/wp-content\/uploads\/2025\/09\/AEX-2025-2026.pdf\" target=\"_blank\" rel=\"noreferrer noopener\">desde aqu\u00ed<\/a> el cat\u00e1logo de actividades para \u00e9ste curso<\/strong><\/p>\n\n\n\n<hr class=\"wp-block-separator has-alpha-channel-opacity is-style-wide\"\/>\n\n\n<div class=\"wp-block-image\">\n<figure class=\"aligncenter size-full\"><img loading=\"lazy\" decoding=\"async\" width=\"765\" height=\"752\" src=\"http:\/\/tienda.ciademaria.net\/ventaservicios\/wp-content\/uploads\/2025\/12\/Esqui2026.jpg\" alt=\"\" class=\"wp-image-35242\" srcset=\"http:\/\/tienda.ciademaria.net\/ventaservicios\/wp-content\/uploads\/2025\/12\/Esqui2026.jpg 765w, http:\/\/tienda.ciademaria.net\/ventaservicios\/wp-content\/uploads\/2025\/12\/Esqui2026-300x295.jpg 300w\" sizes=\"auto, (max-width: 765px) 85vw, 765px\" \/><\/figure><\/div>\n\n\n<p class=\"has-text-align-center has-electric-grass-gradient-background has-background has-medium-font-size\"><strong>Escuela de esqu\u00ed. Curso 2025\/2026<\/strong><br><s>25 de enero<\/s>, <s>15 de febrero<\/s>, <s>15 de marzo<\/s> y 1<s>2 de abril<\/s><\/p>\n\n\n\n<p class=\"has-text-align-center has-dark-gray-color has-very-light-gray-to-cyan-bluish-gray-gradient-background has-text-color has-background has-link-color wp-elements-a9cf61b3b3f2737e6d70ec9416a3c2a6\"><strong>Mas informaci\u00f3n, inscripci\u00f3n y pago desde aqu\u00ed<\/strong><\/p>\n\n\n\n<hr class=\"wp-block-separator has-text-color has-bright-blue-color has-css-opacity has-bright-blue-background-color has-background is-style-wide\"\/>\n\n\n<div class=\"wp-block-image is-resized\">\n<figure class=\"aligncenter size-large\"><img loading=\"lazy\" decoding=\"async\" width=\"1024\" height=\"372\" src=\"http:\/\/tienda.ciademaria.net\/ventaservicios\/wp-content\/uploads\/2024\/10\/educamos-1024x372.png\" alt=\"\" class=\"wp-image-25446\" srcset=\"http:\/\/tienda.ciademaria.net\/ventaservicios\/wp-content\/uploads\/2024\/10\/educamos-1024x372.png 1024w, http:\/\/tienda.ciademaria.net\/ventaservicios\/wp-content\/uploads\/2024\/10\/educamos-300x109.png 300w, http:\/\/tienda.ciademaria.net\/ventaservicios\/wp-content\/uploads\/2024\/10\/educamos-768x279.png 768w, http:\/\/tienda.ciademaria.net\/ventaservicios\/wp-content\/uploads\/2024\/10\/educamos.png 1087w\" sizes=\"auto, (max-width: 709px) 85vw, (max-width: 909px) 67vw, (max-width: 1362px) 62vw, 840px\" \/><\/figure><\/div>\n\n\n<p class=\"has-text-align-center has-dark-gray-color has-electric-grass-gradient-background has-text-color has-background\"><a href=\"http:\/\/tienda.ciademaria.net\/ventaservicios\/?page_id=32092\"><strong>Abono de la cuota de acceso al  servicio. WEB de informaci\u00f3n EDUCAMOS para el curso 2025\/2026.<\/strong><\/a><\/p>\n\n\n\n<div class=\"wp-block-group\"><div class=\"wp-block-group__inner-container is-layout-flow wp-block-group-is-layout-flow\">\n<hr class=\"wp-block-separator has-text-color has-dark-gray-color has-css-opacity has-dark-gray-background-color has-background is-style-wide\"\/>\n\n\n\n<hr class=\"wp-block-separator has-text-color has-white-color has-css-opacity has-white-background-color has-background is-style-wide\"\/>\n\n\n\n<p class=\"has-text-align-center has-dark-gray-color has-very-light-gray-to-cyan-bluish-gray-gradient-background has-text-color has-background has-medium-font-size\"><strong>Actividades PARTICULARES de cada nivel educativo<br>Seleccione el nivel correspondiente<\/strong><\/p>\n\n\n\n<figure class=\"wp-block-table aligncenter is-style-regular\"><table class=\"has-fixed-layout\"><tbody><tr><td class=\"has-text-align-center\" data-align=\"center\"><a href=\"http:\/\/tienda.ciademaria.net\/ventaservicios\/?page_id=14984\"><img loading=\"lazy\" decoding=\"async\" width=\"250\" height=\"159\" class=\"wp-image-26091\" style=\"width: 250px;\" src=\"http:\/\/tienda.ciademaria.net\/ventaservicios\/wp-content\/uploads\/2024\/10\/EINF.jpg\" alt=\"EducacI\u00f3n INFANTIL\" srcset=\"http:\/\/tienda.ciademaria.net\/ventaservicios\/wp-content\/uploads\/2024\/10\/EINF.jpg 749w, http:\/\/tienda.ciademaria.net\/ventaservicios\/wp-content\/uploads\/2024\/10\/EINF-300x190.jpg 300w\" sizes=\"auto, (max-width: 250px) 85vw, 250px\" \/><\/a><\/td><td class=\"has-text-align-center\" data-align=\"center\"><a href=\"http:\/\/tienda.ciademaria.net\/ventaservicios\/?page_id=14987\"><img loading=\"lazy\" decoding=\"async\" width=\"250\" height=\"189\" class=\"wp-image-26092\" style=\"width: 250px;\" src=\"http:\/\/tienda.ciademaria.net\/ventaservicios\/wp-content\/uploads\/2024\/10\/EPRI.jpg\" alt=\"EducacI\u00f3n PRIMARIA\" srcset=\"http:\/\/tienda.ciademaria.net\/ventaservicios\/wp-content\/uploads\/2024\/10\/EPRI.jpg 666w, http:\/\/tienda.ciademaria.net\/ventaservicios\/wp-content\/uploads\/2024\/10\/EPRI-300x227.jpg 300w\" sizes=\"auto, (max-width: 250px) 85vw, 250px\" \/><\/a><\/td><\/tr><tr><td class=\"has-text-align-center\" data-align=\"center\"><a href=\"http:\/\/tienda.ciademaria.net\/ventaservicios\/?page_id=14991\"><img loading=\"lazy\" decoding=\"async\" width=\"250\" height=\"171\" class=\"wp-image-26090\" style=\"width: 250px;\" src=\"http:\/\/tienda.ciademaria.net\/ventaservicios\/wp-content\/uploads\/2024\/10\/EESO.jpg\" alt=\"EducacI\u00f3n SECUNDARIA\" srcset=\"http:\/\/tienda.ciademaria.net\/ventaservicios\/wp-content\/uploads\/2024\/10\/EESO.jpg 663w, http:\/\/tienda.ciademaria.net\/ventaservicios\/wp-content\/uploads\/2024\/10\/EESO-300x205.jpg 300w\" sizes=\"auto, (max-width: 250px) 85vw, 250px\" \/><\/a><\/td><td class=\"has-text-align-center\" data-align=\"center\"><a href=\"http:\/\/tienda.ciademaria.net\/ventaservicios\/?page_id=14995\"><img loading=\"lazy\" decoding=\"async\" width=\"250\" height=\"175\" class=\"wp-image-26089\" style=\"width: 250px;\" src=\"http:\/\/tienda.ciademaria.net\/ventaservicios\/wp-content\/uploads\/2024\/10\/EBIB.jpg\" alt=\"Bachillerato \/ IB\" srcset=\"http:\/\/tienda.ciademaria.net\/ventaservicios\/wp-content\/uploads\/2024\/10\/EBIB.jpg 741w, http:\/\/tienda.ciademaria.net\/ventaservicios\/wp-content\/uploads\/2024\/10\/EBIB-300x210.jpg 300w\" sizes=\"auto, (max-width: 250px) 85vw, 250px\" \/><\/a><\/td><\/tr><\/tbody><\/table><\/figure>\n\n\n\n<hr class=\"wp-block-separator has-text-color has-dark-gray-color has-css-opacity has-dark-gray-background-color has-background is-style-wide\"\/>\n\n\n\n<p><\/p>\n<\/div><\/div>\n\n\n<div class=\"wp-block-image is-style-default\">\n<figure class=\"aligncenter size-large\"><img loading=\"lazy\" decoding=\"async\" width=\"500\" height=\"81\" src=\"http:\/\/tienda.ciademaria.net\/ventaservicios\/wp-content\/uploads\/2019\/09\/logo_almeria-e1568286844576.png\" alt=\"\" class=\"wp-image-8\"\/><\/figure><\/div>","protected":false},"excerpt":{"rendered":"<p>Actividades y servicios COMUNES a todos los niveles educativos Del el 25 de junio al 31 de julio de 2026Tr\u00edptico informativoInscripciones y pagos desde \u00e9ste enlace Inscripci\u00f3n y pago para el curso 2025\/2026 Descargue desde aqu\u00ed el cat\u00e1logo de actividades para \u00e9ste curso Escuela de esqu\u00ed. Curso 2025\/202625 de enero, 15 de febrero, 15 de &hellip; <a href=\"http:\/\/tienda.ciademaria.net\/ventaservicios\/\" class=\"more-link\">Continuar leyendo<span class=\"screen-reader-text\"> \u00ab\u00bb<\/span><\/a><\/p>\n","protected":false},"author":1,"featured_media":0,"parent":0,"menu_order":0,"comment_status":"closed","ping_status":"closed","template":"","meta":{"footnotes":""},"class_list":["post-1386","page","type-page","status-publish","hentry"],"_links":{"self":[{"href":"http:\/\/tienda.ciademaria.net\/ventaservicios\/index.php?rest_route=\/wp\/v2\/pages\/1386","targetHints":{"allow":["GET"]}}],"collection":[{"href":"http:\/\/tienda.ciademaria.net\/ventaservicios\/index.php?rest_route=\/wp\/v2\/pages"}],"about":[{"href":"http:\/\/tienda.ciademaria.net\/ventaservicios\/index.php?rest_route=\/wp\/v2\/types\/page"}],"author":[{"embeddable":true,"href":"http:\/\/tienda.ciademaria.net\/ventaservicios\/index.php?rest_route=\/wp\/v2\/users\/1"}],"replies":[{"embeddable":true,"href":"http:\/\/tienda.ciademaria.net\/ventaservicios\/index.php?rest_route=%2Fwp%2Fv2%2Fcomments&post=1386"}],"version-history":[{"count":512,"href":"http:\/\/tienda.ciademaria.net\/ventaservicios\/index.php?rest_route=\/wp\/v2\/pages\/1386\/revisions"}],"predecessor-version":[{"id":38905,"href":"http:\/\/tienda.ciademaria.net\/ventaservicios\/index.php?rest_route=\/wp\/v2\/pages\/1386\/revisions\/38905"}],"wp:attachment":[{"href":"http:\/\/tienda.ciademaria.net\/ventaservicios\/index.php?rest_route=%2Fwp%2Fv2%2Fmedia&parent=1386"}],"curies":[{"name":"wp","href":"https:\/\/api.w.org\/{rel}","templated":true}]}}