{"id":14984,"date":"2023-08-31T13:40:26","date_gmt":"2023-08-31T11:40:26","guid":{"rendered":"http:\/\/tienda.ciademaria.net\/tiendaotroswp1\/?page_id=14984"},"modified":"2026-05-11T22:53:36","modified_gmt":"2026-05-11T20:53:36","slug":"educacion-infantil","status":"publish","type":"page","link":"http:\/\/tienda.ciademaria.net\/ventaservicios\/?page_id=14984","title":{"rendered":"Educaci\u00f3n Infantil"},"content":{"rendered":"<div class=\"wp-block-image\">\n<figure class=\"aligncenter size-large\"><img loading=\"lazy\" decoding=\"async\" width=\"749\" height=\"475\" src=\"http:\/\/tienda.ciademaria.net\/ventaservicios\/wp-content\/uploads\/2024\/10\/inf-1.png\" alt=\"\" class=\"wp-image-26017\" srcset=\"http:\/\/tienda.ciademaria.net\/ventaservicios\/wp-content\/uploads\/2024\/10\/inf-1.png 749w, http:\/\/tienda.ciademaria.net\/ventaservicios\/wp-content\/uploads\/2024\/10\/inf-1-300x190.png 300w\" sizes=\"auto, (max-width: 749px) 85vw, 749px\" \/><\/figure><\/div>\n\n\n<p class=\"has-text-align-center has-bright-red-color has-text-color has-medium-font-size\"><strong><strong>Actividades y servicios comunes al ciclo<\/strong><\/strong><\/p>\n\n\n\n<p class=\"has-dark-gray-color has-very-light-gray-to-cyan-bluish-gray-gradient-background has-text-color has-background has-link-color wp-elements-b9bdc8423a3f4284e56205ddb9b8959a\">Servicio de guarder\u00eda y comedor. Puente de Todos los Santos 2025<\/p>\n\n\n\n<p class=\"has-dark-gray-color has-very-light-gray-to-cyan-bluish-gray-gradient-background has-text-color has-background has-link-color wp-elements-a67bdd0002a5f43c44a7a596c5cc8f41\">Inscripci\u00f3n y pago para participar en procesi\u00f3n de Semana Santa 2026<\/p>\n\n\n<div class=\"wp-block-image\">\n<figure class=\"aligncenter size-full is-resized\"><img loading=\"lazy\" decoding=\"async\" width=\"340\" height=\"156\" src=\"http:\/\/tienda.ciademaria.net\/ventaservicios\/wp-content\/uploads\/2026\/04\/logo-fisc-ong-1.png\" alt=\"\" class=\"wp-image-38488\" style=\"width:340px;height:auto\" srcset=\"http:\/\/tienda.ciademaria.net\/ventaservicios\/wp-content\/uploads\/2026\/04\/logo-fisc-ong-1.png 340w, http:\/\/tienda.ciademaria.net\/ventaservicios\/wp-content\/uploads\/2026\/04\/logo-fisc-ong-1-300x138.png 300w\" sizes=\"auto, (max-width: 340px) 85vw, 340px\" \/><\/figure><\/div>\n\n\n<p class=\"has-dark-gray-color has-very-light-gray-to-cyan-bluish-gray-gradient-background has-text-color has-background has-link-color wp-elements-d426ec3cee705b67577dd0e23bd7c0d5\">CONVIVENCIA SOLIDARIA FISC. Inscripci\u00f3n y pago<\/p>\n\n\n\n<hr class=\"wp-block-separator has-text-color has-dark-gray-color has-css-opacity has-dark-gray-background-color has-background is-style-wide\"\/>\n\n\n\n<p class=\"has-text-align-center has-white-color has-midnight-gradient-background has-text-color has-background has-medium-font-size\"><strong>INFANTIL 3 A\u00d1OS<\/strong><\/p>\n\n\n\n<p class=\"has-very-light-gray-to-cyan-bluish-gray-gradient-background has-background\">Excursi\u00f3n. Acuario de Roquetas de Mar<\/p>\n\n\n\n<p class=\"has-dark-gray-color has-very-light-gray-to-cyan-bluish-gray-gradient-background has-text-color has-background has-link-color wp-elements-8c8ff96b58bea4eb8e9bcb24214d3a4b\">Excursi\u00f3n a Toyo Aventura (Retamar)<\/p>\n\n\n\n<p class=\"has-text-align-center has-white-color has-midnight-gradient-background has-text-color has-background has-medium-font-size\">INFANTIL 4 A\u00d1OS<\/p>\n\n\n\n<p class=\"has-very-light-gray-to-cyan-bluish-gray-gradient-background has-background\">Excursi\u00f3n. Parque de las familias. Loquiland<\/p>\n\n\n\n<p class=\"has-dark-gray-color has-very-light-gray-to-cyan-bluish-gray-gradient-background has-text-color has-background has-link-color wp-elements-8c8ff96b58bea4eb8e9bcb24214d3a4b\">Excursi\u00f3n a Toyo Aventura (Retamar)<\/p>\n\n\n\n<p class=\"has-text-align-center has-white-color has-midnight-gradient-background has-text-color has-background has-medium-font-size\">INFANTIL 5 A\u00d1OS<\/p>\n\n\n\n<p class=\"has-very-light-gray-to-cyan-bluish-gray-gradient-background has-background\">Excursi\u00f3n. \u00abCortijo<strong> <\/strong>Colorao<strong>\u00ab<\/strong><\/p>\n\n\n\n<p class=\"has-dark-gray-color has-luminous-vivid-amber-to-luminous-vivid-orange-gradient-background has-text-color has-background has-link-color wp-elements-61ef4a9f9c97d2472209477b7509ea46\"><a href=\"http:\/\/tienda.ciademaria.net\/ventaservicios\/?page_id=37649\">Pago orla fin de ciclo. Promoci\u00f3n 2026<\/a><\/p>\n\n\n\n<p class=\"has-dark-gray-color has-very-light-gray-to-cyan-bluish-gray-gradient-background has-text-color has-background has-link-color wp-elements-297d88a57fa2163a604272d5b74624ef\">Excursi\u00f3n a Mini Hollywood (Tabernas)<\/p>\n\n\n\n<p class=\"has-dark-gray-color has-luminous-vivid-amber-to-luminous-vivid-orange-gradient-background has-text-color has-background has-link-color wp-elements-3bb75a42c55a8082625d5e06e28e435e\"><a href=\"http:\/\/tienda.ciademaria.net\/ventaservicios\/?page_id=38520\">Acto final de etapa. Educaci\u00f3n infantil 5 a\u00f1os<\/a><\/p>\n\n\n\n<p class=\"has-dark-gray-color has-luminous-vivid-amber-to-luminous-vivid-orange-gradient-background has-text-color has-background has-link-color wp-elements-b6f66da5033b411b9e221f1da08e5bab\"><a href=\"http:\/\/tienda.ciademaria.net\/ventaservicios\/?page_id=38766\">Excursi\u00f3n a CAMPOJOYMA (Campohermoso)<\/a><\/p>\n\n\n\n<hr class=\"wp-block-separator has-text-color has-dark-gray-color has-css-opacity has-dark-gray-background-color has-background is-style-wide\"\/>\n\n\n<div class=\"wp-block-image is-style-default\">\n<figure class=\"aligncenter size-large\"><img loading=\"lazy\" decoding=\"async\" width=\"500\" height=\"81\" src=\"http:\/\/tienda.ciademaria.net\/ventaservicios\/wp-content\/uploads\/2019\/09\/logo_almeria-e1568286844576.png\" alt=\"\" class=\"wp-image-8\"\/><\/figure><\/div>\n\n\n<p><\/p>\n","protected":false},"excerpt":{"rendered":"<p>Actividades y servicios comunes al ciclo Servicio de guarder\u00eda y comedor. Puente de Todos los Santos 2025 Inscripci\u00f3n y pago para participar en procesi\u00f3n de Semana Santa 2026 CONVIVENCIA SOLIDARIA FISC. Inscripci\u00f3n y pago INFANTIL 3 A\u00d1OS Excursi\u00f3n. Acuario de Roquetas de Mar Excursi\u00f3n a Toyo Aventura (Retamar) INFANTIL 4 A\u00d1OS Excursi\u00f3n. Parque de las &hellip; <a href=\"http:\/\/tienda.ciademaria.net\/ventaservicios\/?page_id=14984\" class=\"more-link\">Continuar leyendo<span class=\"screen-reader-text\"> \u00abEducaci\u00f3n Infantil\u00bb<\/span><\/a><\/p>\n","protected":false},"author":1,"featured_media":0,"parent":0,"menu_order":0,"comment_status":"closed","ping_status":"closed","template":"","meta":{"footnotes":""},"class_list":["post-14984","page","type-page","status-publish","hentry"],"_links":{"self":[{"href":"http:\/\/tienda.ciademaria.net\/ventaservicios\/index.php?rest_route=\/wp\/v2\/pages\/14984","targetHints":{"allow":["GET"]}}],"collection":[{"href":"http:\/\/tienda.ciademaria.net\/ventaservicios\/index.php?rest_route=\/wp\/v2\/pages"}],"about":[{"href":"http:\/\/tienda.ciademaria.net\/ventaservicios\/index.php?rest_route=\/wp\/v2\/types\/page"}],"author":[{"embeddable":true,"href":"http:\/\/tienda.ciademaria.net\/ventaservicios\/index.php?rest_route=\/wp\/v2\/users\/1"}],"replies":[{"embeddable":true,"href":"http:\/\/tienda.ciademaria.net\/ventaservicios\/index.php?rest_route=%2Fwp%2Fv2%2Fcomments&post=14984"}],"version-history":[{"count":84,"href":"http:\/\/tienda.ciademaria.net\/ventaservicios\/index.php?rest_route=\/wp\/v2\/pages\/14984\/revisions"}],"predecessor-version":[{"id":38961,"href":"http:\/\/tienda.ciademaria.net\/ventaservicios\/index.php?rest_route=\/wp\/v2\/pages\/14984\/revisions\/38961"}],"wp:attachment":[{"href":"http:\/\/tienda.ciademaria.net\/ventaservicios\/index.php?rest_route=%2Fwp%2Fv2%2Fmedia&parent=14984"}],"curies":[{"name":"wp","href":"https:\/\/api.w.org\/{rel}","templated":true}]}}