{"id":14991,"date":"2023-08-31T13:55:28","date_gmt":"2023-08-31T11:55:28","guid":{"rendered":"http:\/\/tienda.ciademaria.net\/tiendaotroswp1\/?page_id=14991"},"modified":"2026-05-11T22:48:27","modified_gmt":"2026-05-11T20:48:27","slug":"educacion-secundaria","status":"publish","type":"page","link":"http:\/\/tienda.ciademaria.net\/ventaservicios\/?page_id=14991","title":{"rendered":"Educaci\u00f3n Secundaria"},"content":{"rendered":"<div class=\"wp-block-image\">\n<figure class=\"aligncenter size-large\"><img loading=\"lazy\" decoding=\"async\" width=\"663\" height=\"453\" src=\"http:\/\/tienda.ciademaria.net\/ventaservicios\/wp-content\/uploads\/2024\/10\/eso.png\" alt=\"\" class=\"wp-image-26025\" srcset=\"http:\/\/tienda.ciademaria.net\/ventaservicios\/wp-content\/uploads\/2024\/10\/eso.png 663w, http:\/\/tienda.ciademaria.net\/ventaservicios\/wp-content\/uploads\/2024\/10\/eso-300x205.png 300w\" sizes=\"auto, (max-width: 663px) 85vw, 663px\" \/><\/figure><\/div>\n\n\n<p class=\"has-text-align-center has-bright-red-color has-text-color has-medium-font-size\"><strong>Actividades y servicios comunes al ciclo<\/strong><\/p>\n\n\n\n<p class=\"has-dark-gray-color has-pale-ocean-gradient-background has-text-color has-background has-link-color wp-elements-79f28582694e387d3b2c108947716286\"><strong><a href=\"http:\/\/tienda.ciademaria.net\/ventaservicios\/?page_id=31931\">Inscripci\u00f3n Grupos Lestonnac. Todos los grupos de secundaria<\/a><\/strong><\/p>\n\n\n\n<p class=\"has-dark-gray-color has-very-light-gray-to-cyan-bluish-gray-gradient-background has-text-color has-background has-link-color wp-elements-417e6e20794d26b2bf8048ba3ffffac4\"><strong>Grupos Lestonnac. Inscripci\u00f3n convivencia 14 de noviembre<\/strong><\/p>\n\n\n\n<hr class=\"wp-block-separator has-text-color has-dark-gray-color has-css-opacity has-dark-gray-background-color has-background is-style-wide\"\/>\n\n\n\n<p class=\"has-text-align-center has-white-color has-midnight-gradient-background has-text-color has-background has-medium-font-size\">1\u00ba EDUCACI\u00d3N SECUNDARIA OBLIGATORIA<\/p>\n\n\n\n<p class=\"has-dark-gray-color has-very-light-gray-to-cyan-bluish-gray-gradient-background has-text-color has-background has-link-color wp-elements-557de1abfda6871681506eed4f28a8f0\"><strong>Excursi\u00f3n al Parque Natural Cabo de Gata<\/strong><\/p>\n\n\n\n<p class=\"has-dark-gray-color has-pale-ocean-gradient-background has-text-color has-background has-link-color wp-elements-3fd9304f072eeb99b4dc87f92632392a\"><a href=\"http:\/\/tienda.ciademaria.net\/ventaservicios\/?page_id=35089\"><strong>Campamento LESTONNAC 2026. Reserva de plaza<\/strong><\/a><\/p>\n\n\n\n<p class=\"has-dark-gray-color has-very-light-gray-to-cyan-bluish-gray-gradient-background has-text-color has-background has-link-color wp-elements-1d734398564e405647f9dad43788218a\"><strong>Inscripci\u00f3n y pago del primer plazo. Viaje de estudios<\/strong><\/p>\n\n\n\n<p class=\"has-dark-gray-color has-very-light-gray-to-cyan-bluish-gray-gradient-background has-text-color has-background has-link-color wp-elements-6f12e72dfe3167f137b59d3945ed8892\"><strong>Pago del segundo  plazo. Viaje de estudios<\/strong><\/p>\n\n\n\n<p class=\"has-dark-gray-color has-luminous-vivid-amber-to-luminous-vivid-orange-gradient-background has-text-color has-background has-link-color wp-elements-755a4565a4e79419a47e2715daf887d4\"><strong><a href=\"http:\/\/tienda.ciademaria.net\/ventaservicios\/?page_id=37527\">Campamento LESTONNAC 2026. Pago del segundo plazo<\/a><\/strong><\/p>\n\n\n\n<p class=\"has-text-align-center has-white-color has-midnight-gradient-background has-text-color has-background has-medium-font-size\">2\u00ba EDUCACI\u00d3N SECUNDARIA OBLIGATORIA<\/p>\n\n\n\n<p class=\"has-dark-gray-color has-very-light-gray-to-cyan-bluish-gray-gradient-background has-text-color has-background has-link-color wp-elements-c265612e5ee2eb4bcac686a393ef78ad\"><strong>Excursi\u00f3n al Karst de Sorbas<\/strong><\/p>\n\n\n\n<p class=\"has-dark-gray-color has-pale-ocean-gradient-background has-text-color has-background has-link-color wp-elements-3fd9304f072eeb99b4dc87f92632392a\"><a href=\"http:\/\/tienda.ciademaria.net\/ventaservicios\/?page_id=35089\"><strong>Campamento LESTONNAC 2026. Reserva de plaza<\/strong><\/a><\/p>\n\n\n\n<p class=\"has-dark-gray-color has-very-light-gray-to-cyan-bluish-gray-gradient-background has-text-color has-background has-link-color wp-elements-1d734398564e405647f9dad43788218a\"><strong>Inscripci\u00f3n y pago del primer plazo. Viaje de estudios<\/strong><\/p>\n\n\n\n<p class=\"has-dark-gray-color has-very-light-gray-to-cyan-bluish-gray-gradient-background has-text-color has-background has-link-color wp-elements-1817325afb68a373085684fd3940c4dd\"><strong>Pago del segundo plazo. Viaje de estudios<\/strong><\/p>\n\n\n\n<p class=\"has-dark-gray-color has-luminous-vivid-amber-to-luminous-vivid-orange-gradient-background has-text-color has-background has-link-color wp-elements-755a4565a4e79419a47e2715daf887d4\"><strong><a href=\"http:\/\/tienda.ciademaria.net\/ventaservicios\/?page_id=37527\">Campamento LESTONNAC 2026. Pago del segundo plazo<\/a><\/strong><\/p>\n\n\n\n<p class=\"has-text-align-center has-white-color has-midnight-gradient-background has-text-color has-background has-medium-font-size\">3\u00ba EDUCACI\u00d3N SECUNDARIA OBLIGATORIA<\/p>\n\n\n\n<p class=\"has-dark-gray-color has-very-light-gray-to-cyan-bluish-gray-gradient-background has-text-color has-background has-link-color wp-elements-28d36bf0ef127c1ac9dac49d2392770f\"><strong>Excursi\u00f3n a Cuevas de Nerja<\/strong><\/p>\n\n\n\n<p class=\"has-dark-gray-color has-pale-ocean-gradient-background has-text-color has-background has-link-color wp-elements-3fd9304f072eeb99b4dc87f92632392a\"><a href=\"http:\/\/tienda.ciademaria.net\/ventaservicios\/?page_id=35089\"><strong>Campamento LESTONNAC 2026. Reserva de plaza<\/strong><\/a><\/p>\n\n\n\n<p class=\"has-dark-gray-color has-very-light-gray-to-cyan-bluish-gray-gradient-background has-text-color has-background has-link-color wp-elements-7fc4ef8155969eb933b1793cf02d9601\"><strong>Excursi\u00f3n a LAUJAR. Senderismo<\/strong><\/p>\n\n\n\n<p class=\"has-dark-gray-color has-luminous-vivid-amber-to-luminous-vivid-orange-gradient-background has-text-color has-background has-link-color wp-elements-755a4565a4e79419a47e2715daf887d4\"><strong><a href=\"http:\/\/tienda.ciademaria.net\/ventaservicios\/?page_id=37527\">Campamento LESTONNAC 2026. Pago del segundo plazo<\/a><\/strong><\/p>\n\n\n\n<p class=\"has-text-align-center has-white-color has-midnight-gradient-background has-text-color has-background has-medium-font-size\">4\u00ba EDUCACI\u00d3N SECUNDARIA OBLIGATORIA<\/p>\n\n\n\n<p class=\"has-dark-gray-color has-very-light-gray-to-cyan-bluish-gray-gradient-background has-text-color has-background has-link-color wp-elements-b11a12c2b9840887eee3de768260b966\"><strong>Excursi\u00f3n a Comarca del M\u00e1rmol. Castillo de Ser\u00f3n y Alc\u00f3ntar<\/strong><\/p>\n\n\n\n<p class=\"has-dark-gray-color has-very-light-gray-to-cyan-bluish-gray-gradient-background has-text-color has-background has-link-color wp-elements-e11f4f3fdf00c8c933089971a80d3313\"><strong>VIAJE DE ESTUDIOS 25\/26. Ingreso por venta de papeletas<\/strong><\/p>\n\n\n\n<p class=\"has-dark-gray-color has-luminous-vivid-amber-to-luminous-vivid-orange-gradient-background has-text-color has-background has-link-color wp-elements-b4cb0d67bef01976b1423e311a7bdb7e\"><strong><a href=\"http:\/\/tienda.ciademaria.net\/ventaservicios\/?page_id=35643\">ORLA Promoci\u00f3n 2026<\/a><\/strong><\/p>\n\n\n\n<p class=\"has-dark-gray-color has-very-light-gray-to-cyan-bluish-gray-gradient-background has-text-color has-background has-link-color wp-elements-fd73d13032ae1ae4dddd17e81170e100\"><strong>Inscripci\u00f3n y pago del PRIMER plazo. Viaje de estudios<\/strong><\/p>\n\n\n\n<p class=\"has-dark-gray-color has-very-light-gray-to-cyan-bluish-gray-gradient-background has-text-color has-background has-link-color wp-elements-e0ed0b56e34a393c67aaf86c36193f92\"><strong>Pago del SEGUNDO plazo. Viaje de estudios<\/strong><\/p>\n\n\n\n<p class=\"has-dark-gray-color has-luminous-vivid-amber-to-luminous-vivid-orange-gradient-background has-text-color has-background has-link-color wp-elements-ddc505ae5803fa9f8eb4e381125bfb78\"><strong><strong><a href=\"http:\/\/tienda.ciademaria.net\/ventaservicios\/?page_id=38655\">Acto final de etapa. 4\u00ba curso de E.S.O. Promoci\u00f3n 2026.<\/a><\/strong><\/strong><\/p>\n\n\n\n<hr class=\"wp-block-separator has-text-color has-dark-gray-color has-css-opacity has-dark-gray-background-color has-background is-style-wide\"\/>\n\n\n<div class=\"wp-block-image is-style-default\">\n<figure class=\"aligncenter size-large\"><img loading=\"lazy\" decoding=\"async\" width=\"500\" height=\"81\" src=\"http:\/\/tienda.ciademaria.net\/ventaservicios\/wp-content\/uploads\/2019\/09\/logo_almeria-e1568286844576.png\" alt=\"\" class=\"wp-image-8\"\/><\/figure><\/div>","protected":false},"excerpt":{"rendered":"<p>Actividades y servicios comunes al ciclo Inscripci\u00f3n Grupos Lestonnac. Todos los grupos de secundaria Grupos Lestonnac. Inscripci\u00f3n convivencia 14 de noviembre 1\u00ba EDUCACI\u00d3N SECUNDARIA OBLIGATORIA Excursi\u00f3n al Parque Natural Cabo de Gata Campamento LESTONNAC 2026. Reserva de plaza Inscripci\u00f3n y pago del primer plazo. Viaje de estudios Pago del segundo plazo. Viaje de estudios Campamento &hellip; <a href=\"http:\/\/tienda.ciademaria.net\/ventaservicios\/?page_id=14991\" class=\"more-link\">Continuar leyendo<span class=\"screen-reader-text\"> \u00abEducaci\u00f3n Secundaria\u00bb<\/span><\/a><\/p>\n","protected":false},"author":1,"featured_media":0,"parent":0,"menu_order":0,"comment_status":"closed","ping_status":"closed","template":"","meta":{"footnotes":""},"class_list":["post-14991","page","type-page","status-publish","hentry"],"_links":{"self":[{"href":"http:\/\/tienda.ciademaria.net\/ventaservicios\/index.php?rest_route=\/wp\/v2\/pages\/14991","targetHints":{"allow":["GET"]}}],"collection":[{"href":"http:\/\/tienda.ciademaria.net\/ventaservicios\/index.php?rest_route=\/wp\/v2\/pages"}],"about":[{"href":"http:\/\/tienda.ciademaria.net\/ventaservicios\/index.php?rest_route=\/wp\/v2\/types\/page"}],"author":[{"embeddable":true,"href":"http:\/\/tienda.ciademaria.net\/ventaservicios\/index.php?rest_route=\/wp\/v2\/users\/1"}],"replies":[{"embeddable":true,"href":"http:\/\/tienda.ciademaria.net\/ventaservicios\/index.php?rest_route=%2Fwp%2Fv2%2Fcomments&post=14991"}],"version-history":[{"count":133,"href":"http:\/\/tienda.ciademaria.net\/ventaservicios\/index.php?rest_route=\/wp\/v2\/pages\/14991\/revisions"}],"predecessor-version":[{"id":38956,"href":"http:\/\/tienda.ciademaria.net\/ventaservicios\/index.php?rest_route=\/wp\/v2\/pages\/14991\/revisions\/38956"}],"wp:attachment":[{"href":"http:\/\/tienda.ciademaria.net\/ventaservicios\/index.php?rest_route=%2Fwp%2Fv2%2Fmedia&parent=14991"}],"curies":[{"name":"wp","href":"https:\/\/api.w.org\/{rel}","templated":true}]}}