{"id":31933,"date":"2025-09-24T08:44:48","date_gmt":"2025-09-24T06:44:48","guid":{"rendered":"http:\/\/tienda.ciademaria.net\/ventaservicios\/?page_id=31933"},"modified":"2025-09-24T08:49:26","modified_gmt":"2025-09-24T06:49:26","slug":"grupos-lestonnac-bachillerato-curso-2025-2026","status":"publish","type":"page","link":"http:\/\/tienda.ciademaria.net\/ventaservicios\/?page_id=31933","title":{"rendered":"Grupos Lestonnac. BACHILLERATO. Curso 2025\/2026"},"content":{"rendered":"\n<div class=\"wp-block-group\"><div class=\"wp-block-group__inner-container is-layout-flow wp-block-group-is-layout-flow\">\n<div class=\"wp-block-group\"><div class=\"wp-block-group__inner-container is-layout-flow wp-block-group-is-layout-flow\"><div class=\"wp-block-image\">\n<figure class=\"aligncenter size-large\"><img loading=\"lazy\" decoding=\"async\" width=\"317\" height=\"320\" src=\"http:\/\/tienda.ciademaria.net\/ventaservicios\/wp-content\/uploads\/2024\/09\/1995-GL-Escudo-doc-grande.jpg\" alt=\"\" class=\"wp-image-24432\" srcset=\"http:\/\/tienda.ciademaria.net\/ventaservicios\/wp-content\/uploads\/2024\/09\/1995-GL-Escudo-doc-grande.jpg 317w, http:\/\/tienda.ciademaria.net\/ventaservicios\/wp-content\/uploads\/2024\/09\/1995-GL-Escudo-doc-grande-297x300.jpg 297w, http:\/\/tienda.ciademaria.net\/ventaservicios\/wp-content\/uploads\/2024\/09\/1995-GL-Escudo-doc-grande-150x150.jpg 150w\" sizes=\"auto, (max-width: 317px) 85vw, 317px\" \/><\/figure><\/div>\n\n\n<p class=\"has-text-align-center has-dark-gray-color has-light-blue-background-color has-text-color has-background has-normal-font-size\"><strong><em>Inscripci\u00f3n y pago para los Grupos Lestonnac de Compa\u00f1\u00eda de Mar\u00eda de Almer\u00eda<\/em><\/strong><\/p>\n\n\n\n<p class=\"has-text-align-center has-dark-gray-color has-light-blue-background-color has-text-color has-background has-normal-font-size\"><strong><em>Alumnado de 1\u00ba y 2\u00ba curso de BACHILLERATO<\/em><\/strong><\/p>\n\n\n\n<p class=\"has-text-align-center has-yellow-background-color has-background has-normal-font-size\"><strong><em>El plazo de inscripci\u00f3n finaliza el d\u00eda 3 de octubre<\/em><\/strong><\/p>\n\n\n\n<p class=\"has-text-align-left has-white-color has-bright-blue-background-color has-text-color has-background has-normal-font-size\"><strong><em>Datos del responsable y alumno\/a:<\/em><\/strong><\/p>\n<\/div><\/div>\n\n\n\n<p><\/p>\n<\/div><\/div>\n\n\n\n<div class=\"wp-block-group\"><div class=\"wp-block-group__inner-container is-layout-flow wp-block-group-is-layout-flow\">\n<div class=\"wpcf7 no-js\" id=\"wpcf7-f31935-o1\" lang=\"es-ES\" dir=\"ltr\" data-wpcf7-id=\"31935\">\n<div class=\"screen-reader-response\"><p role=\"status\" aria-live=\"polite\" aria-atomic=\"true\"><\/p> <ul><\/ul><\/div>\n<form action=\"\/ventaservicios\/index.php?rest_route=%2Fwp%2Fv2%2Fpages%2F31933#wpcf7-f31935-o1\" method=\"post\" class=\"wpcf7-form init\" aria-label=\"Formulario de contacto\" novalidate=\"novalidate\" data-status=\"init\">\n<fieldset class=\"hidden-fields-container\"><input type=\"hidden\" name=\"_wpcf7\" value=\"31935\" \/><input type=\"hidden\" name=\"_wpcf7_version\" value=\"6.1.5\" \/><input type=\"hidden\" name=\"_wpcf7_locale\" value=\"es_ES\" \/><input type=\"hidden\" name=\"_wpcf7_unit_tag\" value=\"wpcf7-f31935-o1\" \/><input type=\"hidden\" name=\"_wpcf7_container_post\" value=\"0\" \/><input type=\"hidden\" name=\"_wpcf7_posted_data_hash\" value=\"\" \/><input type=\"hidden\" name=\"_wpcf7cf_hidden_group_fields\" value=\"[]\" \/><input type=\"hidden\" name=\"_wpcf7cf_hidden_groups\" value=\"[]\" \/><input type=\"hidden\" name=\"_wpcf7cf_visible_groups\" value=\"[]\" \/><input type=\"hidden\" name=\"_wpcf7cf_repeaters\" value=\"[]\" \/><input type=\"hidden\" name=\"_wpcf7cf_steps\" value=\"{}\" \/><input type=\"hidden\" name=\"_wpcf7cf_options\" value=\"{&quot;form_id&quot;:31935,&quot;conditions&quot;:[],&quot;settings&quot;:{&quot;animation&quot;:&quot;yes&quot;,&quot;animation_intime&quot;:200,&quot;animation_outtime&quot;:200,&quot;conditions_ui&quot;:&quot;normal&quot;,&quot;notice_dismissed&quot;:false,&quot;repeater_remove_button&quot;:&quot;bottom&quot;,&quot;notice_dismissed_rollback-cf7-5.3.2&quot;:true,&quot;notice_dismissed_update-cf7-5.5.6&quot;:true,&quot;notice_dismissed_update-cf7-5.5.6.1&quot;:true,&quot;notice_dismissed_update-cf7-5.6.3&quot;:true,&quot;notice_dismissed_update-cf7-5.8&quot;:true,&quot;notice_dismissed_update-cf7-5.8.1&quot;:true,&quot;notice_dismissed_update-cf7-5.8.6&quot;:true,&quot;notice_dismissed_update-cf7-5.8.7&quot;:true,&quot;notice_dismissed_update-cf7-5.9.3&quot;:true,&quot;notice_dismissed_update-cf7-5.9.4&quot;:true,&quot;notice_dismissed_update-cf7-5.9.5&quot;:true,&quot;notice_dismissed_update-cf7-5.9.8&quot;:true,&quot;notice_dismissed_update-cf7-6.0&quot;:true,&quot;notice_dismissed_rollback-cf7-6.0.1&quot;:true}}\" \/>\n<\/fieldset>\n<p><label>DATOS DEL PADRE\/MADRE\/TUTOR LEGAL DEL ALUMNO<\/label>\n<\/p>\n<p><label> Apellidos<br \/>\n<span class=\"wpcf7-form-control-wrap\" data-name=\"apellidostut\"><input size=\"40\" maxlength=\"400\" class=\"wpcf7-form-control wpcf7-text wpcf7-validates-as-required\" aria-required=\"true\" aria-invalid=\"false\" value=\"\" type=\"text\" name=\"apellidostut\" \/><\/span> <\/label><br \/>\n<label> Nombre<br \/>\n<span class=\"wpcf7-form-control-wrap\" data-name=\"nombretut\"><input size=\"40\" maxlength=\"400\" class=\"wpcf7-form-control wpcf7-text wpcf7-validates-as-required\" aria-required=\"true\" aria-invalid=\"false\" value=\"\" type=\"text\" name=\"nombretut\" \/><\/span> <\/label><br \/>\n<label> DNI<br \/>\n<span class=\"wpcf7-form-control-wrap\" data-name=\"dnitut\"><input size=\"40\" maxlength=\"400\" class=\"wpcf7-form-control wpcf7-text wpcf7-validates-as-required\" aria-required=\"true\" aria-invalid=\"false\" value=\"\" type=\"text\" name=\"dnitut\" \/><\/span> <\/label><br \/>\n<label> Correo electr\u00f3nico<br \/>\n<span class=\"wpcf7-form-control-wrap\" data-name=\"emailtut\"><input size=\"40\" maxlength=\"400\" class=\"wpcf7-form-control wpcf7-email wpcf7-validates-as-required wpcf7-text wpcf7-validates-as-email\" aria-required=\"true\" aria-invalid=\"false\" value=\"\" type=\"email\" name=\"emailtut\" \/><\/span> <\/label><br \/>\n<label> tel\u00e9fono de contacto<br \/>\n<span class=\"wpcf7-form-control-wrap\" data-name=\"telefonotut\"><input size=\"40\" maxlength=\"400\" class=\"wpcf7-form-control wpcf7-tel wpcf7-validates-as-required wpcf7-text wpcf7-validates-as-tel\" aria-required=\"true\" aria-invalid=\"false\" value=\"\" type=\"tel\" name=\"telefonotut\" \/><\/span> <\/label>\n<\/p>\n<p><label><\/label><br \/>\n<label> DATOS DEL ALUMNO\/A<\/label><br \/>\n<label> Apellidos<br \/>\n<span class=\"wpcf7-form-control-wrap\" data-name=\"apellidosalu\"><input size=\"40\" maxlength=\"400\" class=\"wpcf7-form-control wpcf7-text wpcf7-validates-as-required\" aria-required=\"true\" aria-invalid=\"false\" value=\"\" type=\"text\" name=\"apellidosalu\" \/><\/span> <\/label><br \/>\n<label> Nombre<br \/>\n<span class=\"wpcf7-form-control-wrap\" data-name=\"nombrealu\"><input size=\"40\" maxlength=\"400\" class=\"wpcf7-form-control wpcf7-text wpcf7-validates-as-required\" aria-required=\"true\" aria-invalid=\"false\" value=\"\" type=\"text\" name=\"nombrealu\" \/><\/span> <\/label><br \/>\n<label> Fecha de nacimiento<br \/>\n<span class=\"wpcf7-form-control-wrap\" data-name=\"nacimientoalu\"><input class=\"wpcf7-form-control wpcf7-date wpcf7-validates-as-required wpcf7-validates-as-date\" min=\"2004-01-01\" max=\"2013-12-31\" aria-required=\"true\" aria-invalid=\"false\" value=\"\" type=\"date\" name=\"nacimientoalu\" \/><\/span><br \/>\n<\/label><label> Curso del alumno <\/label><br \/>\n<span class=\"wpcf7-form-control-wrap\" data-name=\"cursoalu\"><select class=\"wpcf7-form-control wpcf7-select wpcf7-validates-as-required\" aria-required=\"true\" aria-invalid=\"false\" name=\"cursoalu\"><option value=\"\">&#8212;Por favor, elige una opci\u00f3n&#8212;<\/option><option value=\"1 BACHILLERATO A\">1 BACHILLERATO A<\/option><option value=\"1 BACHILLERATO B\">1 BACHILLERATO B<\/option><option value=\"1 BACHILLERATO C\">1 BACHILLERATO C<\/option><option value=\"1 BACHILLERATO D\">1 BACHILLERATO D<\/option><option value=\"2 BACHILLERATO A\">2 BACHILLERATO A<\/option><option value=\"2 BACHILLERATO B\">2 BACHILLERATO B<\/option><option value=\"2 BACHILLERATO C\">2 BACHILLERATO C<\/option><option value=\"2 BACHILLERATO D\">2 BACHILLERATO D<\/option><\/select><\/span>\n<\/p>\n<p><label>Actividad subvencionada por el centro y quedar\u00e1 exento de realizar pago alguno<\/label>\n<\/p>\n<p><label><\/label><br \/>\n<label>La inscripci\u00f3n conlleva la autorizaci\u00f3n para publicar en el blog gruposlestonnacalmeria.blogspot.com fotos y\/o v\u00eddeos en los que aparezca el alumno\/a.<\/label>\n<\/p>\n<p>\n\t<font size=\"2\">La entidad responsable del fichero, Colegio Compa\u00f1\u00eda de Mar\u00eda de Almer\u00eda, usar\u00e1 esta informaci\u00f3n para comunicar, y en su caso confirmar, el pago del servicio. Los datos enviados se almacenan temporalmente en HOSTING propio. Una vez finalizado su cometido ser\u00e1n eliminados.\n\t<\/font>\n<\/p>\n<p><span class=\"wpcf7-form-control-wrap\" data-name=\"Privacidad\"><span class=\"wpcf7-form-control wpcf7-acceptance\"><span class=\"wpcf7-list-item\"><label><input type=\"checkbox\" name=\"Privacidad\" value=\"1\" aria-invalid=\"false\" \/><span class=\"wpcf7-list-item-label\">He le\u00eddo y acepto la Pol\u00edtica de Privacidad.<\/span><\/label><\/span><\/span><\/span>\n<\/p>\n<p><input class=\"wpcf7-form-control wpcf7-submit has-spinner\" type=\"submit\" value=\"Enviar inscripci\u00f3n\" \/>\n<\/p><div class=\"wpcf7-response-output\" aria-hidden=\"true\"><\/div>\n<\/form>\n<\/div>\n\n\n\n\n<hr class=\"wp-block-separator has-text-color has-bright-blue-color has-css-opacity has-bright-blue-background-color has-background is-style-wide\"\/>\n<\/div><\/div>\n\n\n<div class=\"wp-block-image\">\n<figure class=\"aligncenter size-large\"><img loading=\"lazy\" decoding=\"async\" width=\"500\" height=\"81\" src=\"http:\/\/tienda.ciademaria.net\/ventaservicios\/wp-content\/uploads\/2019\/09\/logo_almeria-e1568286844576.png\" alt=\"\" class=\"wp-image-8\"\/><\/figure><\/div>","protected":false},"excerpt":{"rendered":"<p>Inscripci\u00f3n y pago para los Grupos Lestonnac de Compa\u00f1\u00eda de Mar\u00eda de Almer\u00eda Alumnado de 1\u00ba y 2\u00ba curso de BACHILLERATO El plazo de inscripci\u00f3n finaliza el d\u00eda 3 de octubre Datos del responsable y alumno\/a:<\/p>\n","protected":false},"author":1,"featured_media":0,"parent":0,"menu_order":0,"comment_status":"closed","ping_status":"closed","template":"","meta":{"footnotes":""},"class_list":["post-31933","page","type-page","status-publish","hentry"],"_links":{"self":[{"href":"http:\/\/tienda.ciademaria.net\/ventaservicios\/index.php?rest_route=\/wp\/v2\/pages\/31933","targetHints":{"allow":["GET"]}}],"collection":[{"href":"http:\/\/tienda.ciademaria.net\/ventaservicios\/index.php?rest_route=\/wp\/v2\/pages"}],"about":[{"href":"http:\/\/tienda.ciademaria.net\/ventaservicios\/index.php?rest_route=\/wp\/v2\/types\/page"}],"author":[{"embeddable":true,"href":"http:\/\/tienda.ciademaria.net\/ventaservicios\/index.php?rest_route=\/wp\/v2\/users\/1"}],"replies":[{"embeddable":true,"href":"http:\/\/tienda.ciademaria.net\/ventaservicios\/index.php?rest_route=%2Fwp%2Fv2%2Fcomments&post=31933"}],"version-history":[{"count":2,"href":"http:\/\/tienda.ciademaria.net\/ventaservicios\/index.php?rest_route=\/wp\/v2\/pages\/31933\/revisions"}],"predecessor-version":[{"id":31936,"href":"http:\/\/tienda.ciademaria.net\/ventaservicios\/index.php?rest_route=\/wp\/v2\/pages\/31933\/revisions\/31936"}],"wp:attachment":[{"href":"http:\/\/tienda.ciademaria.net\/ventaservicios\/index.php?rest_route=%2Fwp%2Fv2%2Fmedia&parent=31933"}],"curies":[{"name":"wp","href":"https:\/\/api.w.org\/{rel}","templated":true}]}}