{"id":35643,"date":"2026-02-03T08:18:19","date_gmt":"2026-02-03T07:18:19","guid":{"rendered":"http:\/\/tienda.ciademaria.net\/ventaservicios\/?page_id=35643"},"modified":"2026-02-03T08:36:09","modified_gmt":"2026-02-03T07:36:09","slug":"educacion-secundaria-obligatoria-orla-promocion-2026","status":"publish","type":"page","link":"http:\/\/tienda.ciademaria.net\/ventaservicios\/?page_id=35643","title":{"rendered":"EDUCACI\u00d3N SECUNDARIA OBLIGATORIA. Orla Promoci\u00f3n 2026"},"content":{"rendered":"\n<p class=\"has-text-align-center has-dark-gray-color has-light-blue-background-color has-text-color has-background has-medium-font-size\"><strong><em>EDUCACI\u00d3N SECUNDARIA. 4\u00ba curso<\/em><\/strong><\/p>\n\n\n<div class=\"wp-block-image\">\n<figure class=\"aligncenter size-full\"><img loading=\"lazy\" decoding=\"async\" width=\"360\" height=\"360\" src=\"http:\/\/tienda.ciademaria.net\/ventaservicios\/wp-content\/uploads\/2026\/02\/guirrete-y-diploma.jpg\" alt=\"\" class=\"wp-image-35638\" srcset=\"http:\/\/tienda.ciademaria.net\/ventaservicios\/wp-content\/uploads\/2026\/02\/guirrete-y-diploma.jpg 360w, http:\/\/tienda.ciademaria.net\/ventaservicios\/wp-content\/uploads\/2026\/02\/guirrete-y-diploma-300x300.jpg 300w, http:\/\/tienda.ciademaria.net\/ventaservicios\/wp-content\/uploads\/2026\/02\/guirrete-y-diploma-150x150.jpg 150w\" sizes=\"auto, (max-width: 360px) 85vw, 360px\" \/><\/figure><\/div>\n\n\n<div class=\"wp-block-group\"><div class=\"wp-block-group__inner-container is-layout-flow wp-block-group-is-layout-flow\">\n<p class=\"has-text-align-center has-dark-gray-color has-yellow-background-color has-text-color has-background has-medium-font-size\"><em><strong>Fecha l\u00edmite de pago: 28 de febrero de 2026<\/strong><\/em><\/p>\n<\/div><\/div>\n\n\n\n<hr class=\"wp-block-separator has-text-color has-bright-blue-color has-css-opacity has-bright-blue-background-color has-background is-style-wide\"\/>\n\n\n\n<p class=\"has-white-color has-bright-blue-background-color has-text-color has-background\"><strong><em>Datos del alumno e importe:<\/em><\/strong><\/p>\n\n\n\n<div class=\"wpcf7 no-js\" id=\"wpcf7-f35650-o1\" lang=\"es-ES\" dir=\"ltr\" data-wpcf7-id=\"35650\">\n<div class=\"screen-reader-response\"><p role=\"status\" aria-live=\"polite\" aria-atomic=\"true\"><\/p> <ul><\/ul><\/div>\n<form action=\"\/ventaservicios\/index.php?rest_route=%2Fwp%2Fv2%2Fpages%2F35643#wpcf7-f35650-o1\" method=\"post\" class=\"wpcf7-form init\" aria-label=\"Formulario de contacto\" novalidate=\"novalidate\" data-status=\"init\">\n<fieldset class=\"hidden-fields-container\"><input type=\"hidden\" name=\"_wpcf7\" value=\"35650\" \/><input type=\"hidden\" name=\"_wpcf7_version\" value=\"6.1.5\" \/><input type=\"hidden\" name=\"_wpcf7_locale\" value=\"es_ES\" \/><input type=\"hidden\" name=\"_wpcf7_unit_tag\" value=\"wpcf7-f35650-o1\" \/><input type=\"hidden\" name=\"_wpcf7_container_post\" value=\"0\" \/><input type=\"hidden\" name=\"_wpcf7_posted_data_hash\" value=\"\" \/><input type=\"hidden\" name=\"_wpcf7cf_hidden_group_fields\" value=\"[]\" \/><input type=\"hidden\" name=\"_wpcf7cf_hidden_groups\" value=\"[]\" \/><input type=\"hidden\" name=\"_wpcf7cf_visible_groups\" value=\"[]\" \/><input type=\"hidden\" name=\"_wpcf7cf_repeaters\" value=\"[]\" \/><input type=\"hidden\" name=\"_wpcf7cf_steps\" value=\"{}\" \/><input type=\"hidden\" name=\"_wpcf7cf_options\" value=\"{&quot;form_id&quot;:35650,&quot;conditions&quot;:[],&quot;settings&quot;:{&quot;animation&quot;:&quot;yes&quot;,&quot;animation_intime&quot;:200,&quot;animation_outtime&quot;:200,&quot;conditions_ui&quot;:&quot;normal&quot;,&quot;notice_dismissed&quot;:false,&quot;repeater_remove_button&quot;:&quot;bottom&quot;,&quot;notice_dismissed_rollback-cf7-5.3.2&quot;:true,&quot;notice_dismissed_update-cf7-5.5.6&quot;:true,&quot;notice_dismissed_update-cf7-5.5.6.1&quot;:true,&quot;notice_dismissed_update-cf7-5.6.3&quot;:true,&quot;notice_dismissed_update-cf7-5.8&quot;:true,&quot;notice_dismissed_update-cf7-5.8.1&quot;:true,&quot;notice_dismissed_update-cf7-5.8.6&quot;:true,&quot;notice_dismissed_update-cf7-5.8.7&quot;:true,&quot;notice_dismissed_update-cf7-5.9.3&quot;:true,&quot;notice_dismissed_update-cf7-5.9.4&quot;:true,&quot;notice_dismissed_update-cf7-5.9.5&quot;:true,&quot;notice_dismissed_update-cf7-5.9.8&quot;:true,&quot;notice_dismissed_update-cf7-6.0&quot;:true,&quot;notice_dismissed_rollback-cf7-6.0.1&quot;:true}}\" \/>\n<\/fieldset>\n<p><label>Apellidos del alumno<\/label><br \/>\n<span class=\"wpcf7-form-control-wrap\" data-name=\"apellidosalu\"><input size=\"40\" maxlength=\"400\" class=\"wpcf7-form-control wpcf7-text wpcf7-validates-as-required\" aria-required=\"true\" aria-invalid=\"false\" value=\"\" type=\"text\" name=\"apellidosalu\" \/><\/span><br \/>\n<label>Nombre del alumno<\/label><br \/>\n<span class=\"wpcf7-form-control-wrap\" data-name=\"nombrealu\"><input size=\"40\" maxlength=\"400\" class=\"wpcf7-form-control wpcf7-text wpcf7-validates-as-required\" aria-required=\"true\" aria-invalid=\"false\" value=\"\" type=\"text\" name=\"nombrealu\" \/><\/span><br \/>\n<label> Correo electr\u00f3nico para env\u00edo de confirmaci\u00f3n (requerido)<br \/>\n<span class=\"wpcf7-form-control-wrap\" data-name=\"correo\"><input size=\"40\" maxlength=\"400\" class=\"wpcf7-form-control wpcf7-email wpcf7-validates-as-required wpcf7-text wpcf7-validates-as-email\" aria-required=\"true\" aria-invalid=\"false\" value=\"\" type=\"email\" name=\"correo\" \/><\/span> <\/label><br \/>\n<label>Seleccione el curso: <\/label><br \/>\n<span class=\"wpcf7-form-control-wrap\" data-name=\"cursoalu\"><select class=\"wpcf7-form-control wpcf7-select wpcf7-validates-as-required\" aria-required=\"true\" aria-invalid=\"false\" name=\"cursoalu\"><option value=\"\">&#8212;Por favor, elige una opci\u00f3n&#8212;<\/option><option value=\"4\u00ba ESO. Grupo A\">4\u00ba ESO. Grupo A<\/option><option value=\"4\u00ba ESO. Grupo B\">4\u00ba ESO. Grupo B<\/option><option value=\"4\u00ba ESO. Grupo C\">4\u00ba ESO. Grupo C<\/option><\/select><\/span>\n<\/p>\n<p><label>Seleccione la opci\u00f3n deseada:<\/label><br \/>\n<span class=\"wpcf7-form-control-wrap\" data-name=\"precio\"><span class=\"wpcf7-form-control wpcf7-radio\"><span class=\"wpcf7-list-item first\"><input type=\"radio\" name=\"precio\" value=\"27\" checked=\"checked\" \/><span class=\"wpcf7-list-item-label\">Orla y Banda (27.00\u20ac).<\/span><\/span><span class=\"wpcf7-list-item last\"><input type=\"radio\" name=\"precio\" value=\"10\" \/><span class=\"wpcf7-list-item-label\">Banda (10.00\u20ac).<\/span><\/span><\/span><\/span>\n<\/p>\n<p>\n\t<font size=\"2\">La entidad responsable del fichero, Colegio Compa\u00f1\u00eda de Mar\u00eda de Almer\u00eda, usar\u00e1 esta informaci\u00f3n para comunicar, y en su caso confirmar, el pago del servicio. Los datos enviados se almacenan temporalmente en HOSTING propio. Una vez finalizado su cometido ser\u00e1n eliminados.\n\t<\/font>\n<\/p>\n<p><span class=\"wpcf7-form-control-wrap\" data-name=\"Privacidad\"><span class=\"wpcf7-form-control wpcf7-acceptance\"><span class=\"wpcf7-list-item\"><label><input type=\"checkbox\" name=\"Privacidad\" value=\"1\" aria-invalid=\"false\" \/><span class=\"wpcf7-list-item-label\">He le\u00eddo y acepto la Pol\u00edtica de Privacidad.<\/span><\/label><\/span><\/span><\/span>\n<\/p>\n<p><label>Introduzca los caracteres que se muestran a continuaci\u00f3n: <\/label><input type=\"hidden\" name=\"_wpcf7_captcha_challenge_captcha-1\" value=\"4103944649\" \/><img loading=\"lazy\" decoding=\"async\" class=\"wpcf7-form-control wpcf7-captchac wpcf7-captcha-captcha-1\" width=\"72\" height=\"24\" alt=\"captcha\" src=\"http:\/\/tienda.ciademaria.net\/ventaservicios\/wp-content\/uploads\/wpcf7_captcha\/4103944649.png\" \/><span class=\"wpcf7-form-control-wrap\" data-name=\"captcha-1\"><input size=\"40\" class=\"wpcf7-form-control wpcf7-captchar\" autocomplete=\"off\" aria-invalid=\"false\" value=\"\" type=\"text\" name=\"captcha-1\" \/><\/span>\n<\/p>\n<p><input class=\"wpcf7-form-control wpcf7-submit has-spinner\" type=\"submit\" value=\"Continuar con el pago\" \/>\n<\/p>\n<p>\n\t<font size=\"1\">\n\t<\/font>\n\t<font color =\"#FF4500\">\n\t\t<bold>4ESO-ORLA-26\n\t\t<\/bold>\n\t<\/font>\n<\/p><div class=\"wpcf7-response-output\" aria-hidden=\"true\"><\/div>\n<\/form>\n<\/div>\n\n\n\n\n<hr class=\"wp-block-separator has-text-color has-bright-blue-color has-css-opacity has-bright-blue-background-color has-background is-style-wide\"\/>\n\n\n<div class=\"wp-block-image is-style-default\">\n<figure class=\"aligncenter size-large\"><img loading=\"lazy\" decoding=\"async\" width=\"500\" height=\"81\" src=\"http:\/\/tienda.ciademaria.net\/ventaservicios\/wp-content\/uploads\/2019\/09\/logo_almeria-e1568286844576.png\" alt=\"\" class=\"wp-image-8\"\/><\/figure><\/div>","protected":false},"excerpt":{"rendered":"<p>EDUCACI\u00d3N SECUNDARIA. 4\u00ba curso Fecha l\u00edmite de pago: 28 de febrero de 2026 Datos del alumno e importe:<\/p>\n","protected":false},"author":1,"featured_media":0,"parent":0,"menu_order":0,"comment_status":"closed","ping_status":"closed","template":"","meta":{"footnotes":""},"class_list":["post-35643","page","type-page","status-publish","hentry"],"_links":{"self":[{"href":"http:\/\/tienda.ciademaria.net\/ventaservicios\/index.php?rest_route=\/wp\/v2\/pages\/35643","targetHints":{"allow":["GET"]}}],"collection":[{"href":"http:\/\/tienda.ciademaria.net\/ventaservicios\/index.php?rest_route=\/wp\/v2\/pages"}],"about":[{"href":"http:\/\/tienda.ciademaria.net\/ventaservicios\/index.php?rest_route=\/wp\/v2\/types\/page"}],"author":[{"embeddable":true,"href":"http:\/\/tienda.ciademaria.net\/ventaservicios\/index.php?rest_route=\/wp\/v2\/users\/1"}],"replies":[{"embeddable":true,"href":"http:\/\/tienda.ciademaria.net\/ventaservicios\/index.php?rest_route=%2Fwp%2Fv2%2Fcomments&post=35643"}],"version-history":[{"count":3,"href":"http:\/\/tienda.ciademaria.net\/ventaservicios\/index.php?rest_route=\/wp\/v2\/pages\/35643\/revisions"}],"predecessor-version":[{"id":35652,"href":"http:\/\/tienda.ciademaria.net\/ventaservicios\/index.php?rest_route=\/wp\/v2\/pages\/35643\/revisions\/35652"}],"wp:attachment":[{"href":"http:\/\/tienda.ciademaria.net\/ventaservicios\/index.php?rest_route=%2Fwp%2Fv2%2Fmedia&parent=35643"}],"curies":[{"name":"wp","href":"https:\/\/api.w.org\/{rel}","templated":true}]}}