{"id":38910,"date":"2026-05-11T13:04:41","date_gmt":"2026-05-11T11:04:41","guid":{"rendered":"http:\/\/tienda.ciademaria.net\/ventaservicios\/?page_id=38910"},"modified":"2026-05-11T13:07:06","modified_gmt":"2026-05-11T11:07:06","slug":"2o-bachillerato-viaje-de-estudios-ingreso-del-primer-plazo-curso-2024-2025","status":"publish","type":"page","link":"http:\/\/tienda.ciademaria.net\/ventaservicios\/?page_id=38910","title":{"rendered":"2\u00ba Bachillerato. VIAJE DE ESTUDIOS. Ingreso del primer plazo. Curso 2026\/2027"},"content":{"rendered":"<div class=\"wp-block-image\">\n<figure class=\"aligncenter size-large\"><img loading=\"lazy\" decoding=\"async\" width=\"1024\" height=\"576\" src=\"http:\/\/tienda.ciademaria.net\/ventaservicios\/wp-content\/uploads\/2026\/05\/Screenshot-2026-05-11-12.58.39-1024x576.png\" alt=\"\" class=\"wp-image-38908\" srcset=\"http:\/\/tienda.ciademaria.net\/ventaservicios\/wp-content\/uploads\/2026\/05\/Screenshot-2026-05-11-12.58.39-1024x576.png 1024w, http:\/\/tienda.ciademaria.net\/ventaservicios\/wp-content\/uploads\/2026\/05\/Screenshot-2026-05-11-12.58.39-300x169.png 300w, http:\/\/tienda.ciademaria.net\/ventaservicios\/wp-content\/uploads\/2026\/05\/Screenshot-2026-05-11-12.58.39-768x432.png 768w, http:\/\/tienda.ciademaria.net\/ventaservicios\/wp-content\/uploads\/2026\/05\/Screenshot-2026-05-11-12.58.39.png 1073w\" sizes=\"auto, (max-width: 709px) 85vw, (max-width: 909px) 67vw, (max-width: 1362px) 62vw, 840px\" \/><\/figure><\/div>\n\n\n<p class=\"has-text-align-center has-dark-gray-color has-light-blue-background-color has-text-color has-background has-medium-font-size\"><em><strong>ITALIA<\/strong><br>Desde el lunes, 28 de septiembre hasta el martes, 6 de octubre<br>Importe: 700,00\u20ac<\/em><\/p>\n\n\n\n<p class=\"has-text-align-center has-dark-gray-color has-yellow-background-color has-text-color has-background has-medium-font-size\"><em>Ingresos<\/em> <em>Hasta el d\u00eda 15 de mayo de 202<\/em>5<\/p>\n\n\n\n<p class=\"has-white-color has-bright-blue-background-color has-text-color has-background has-medium-font-size\"><strong><em>Datos del alumno\/a<\/em><\/strong><\/p>\n\n\n\n<div class=\"wpcf7 no-js\" id=\"wpcf7-f38907-o1\" lang=\"es-ES\" dir=\"ltr\" data-wpcf7-id=\"38907\">\n<div class=\"screen-reader-response\"><p role=\"status\" aria-live=\"polite\" aria-atomic=\"true\"><\/p> <ul><\/ul><\/div>\n<form action=\"\/ventaservicios\/index.php?rest_route=%2Fwp%2Fv2%2Fpages%2F38910#wpcf7-f38907-o1\" method=\"post\" class=\"wpcf7-form init\" aria-label=\"Formulario de contacto\" novalidate=\"novalidate\" data-status=\"init\">\n<fieldset class=\"hidden-fields-container\"><input type=\"hidden\" name=\"_wpcf7\" value=\"38907\" \/><input type=\"hidden\" name=\"_wpcf7_version\" value=\"6.1.5\" \/><input type=\"hidden\" name=\"_wpcf7_locale\" value=\"es_ES\" \/><input type=\"hidden\" name=\"_wpcf7_unit_tag\" value=\"wpcf7-f38907-o1\" \/><input type=\"hidden\" name=\"_wpcf7_container_post\" value=\"0\" \/><input type=\"hidden\" name=\"_wpcf7_posted_data_hash\" value=\"\" \/><input type=\"hidden\" name=\"_wpcf7cf_hidden_group_fields\" value=\"[]\" \/><input type=\"hidden\" name=\"_wpcf7cf_hidden_groups\" value=\"[]\" \/><input type=\"hidden\" name=\"_wpcf7cf_visible_groups\" value=\"[]\" \/><input type=\"hidden\" name=\"_wpcf7cf_repeaters\" value=\"[]\" \/><input type=\"hidden\" name=\"_wpcf7cf_steps\" value=\"{}\" \/><input type=\"hidden\" name=\"_wpcf7cf_options\" value=\"{&quot;form_id&quot;:38907,&quot;conditions&quot;:[],&quot;settings&quot;:{&quot;animation&quot;:&quot;yes&quot;,&quot;animation_intime&quot;:200,&quot;animation_outtime&quot;:200,&quot;conditions_ui&quot;:&quot;normal&quot;,&quot;notice_dismissed&quot;:false,&quot;repeater_remove_button&quot;:&quot;bottom&quot;,&quot;notice_dismissed_rollback-cf7-5.3.2&quot;:true,&quot;notice_dismissed_update-cf7-5.5.6&quot;:true,&quot;notice_dismissed_update-cf7-5.5.6.1&quot;:true,&quot;notice_dismissed_update-cf7-5.6.3&quot;:true,&quot;notice_dismissed_update-cf7-5.8&quot;:true,&quot;notice_dismissed_update-cf7-5.8.1&quot;:true,&quot;notice_dismissed_update-cf7-5.8.6&quot;:true,&quot;notice_dismissed_update-cf7-5.8.7&quot;:true,&quot;notice_dismissed_update-cf7-5.9.3&quot;:true,&quot;notice_dismissed_update-cf7-5.9.4&quot;:true,&quot;notice_dismissed_update-cf7-5.9.5&quot;:true,&quot;notice_dismissed_update-cf7-5.9.8&quot;:true,&quot;notice_dismissed_update-cf7-6.0&quot;:true,&quot;notice_dismissed_rollback-cf7-6.0.1&quot;:true}}\" \/>\n<\/fieldset>\n<p><label>Apellidos del alumno<\/label><br \/>\n<span class=\"wpcf7-form-control-wrap\" data-name=\"apellidosalu\"><input size=\"40\" maxlength=\"400\" class=\"wpcf7-form-control wpcf7-text wpcf7-validates-as-required\" aria-required=\"true\" aria-invalid=\"false\" value=\"\" type=\"text\" name=\"apellidosalu\" \/><\/span><br \/>\n<label>Nombre del alumno<\/label><br \/>\n<span class=\"wpcf7-form-control-wrap\" data-name=\"nombrealu\"><input size=\"40\" maxlength=\"400\" class=\"wpcf7-form-control wpcf7-text wpcf7-validates-as-required\" aria-required=\"true\" aria-invalid=\"false\" value=\"\" type=\"text\" name=\"nombrealu\" \/><\/span><br \/>\n<label>Seleccione el curso: <\/label><br \/>\n<span class=\"wpcf7-form-control-wrap\" data-name=\"cursoalu\"><select class=\"wpcf7-form-control wpcf7-select wpcf7-validates-as-required\" aria-required=\"true\" aria-invalid=\"false\" name=\"cursoalu\"><option value=\"\">&#8212;Por favor, elige una opci\u00f3n&#8212;<\/option><option value=\"2\u00ba Bachillerato Grupo A\">2\u00ba Bachillerato Grupo A<\/option><option value=\"2\u00ba Bachillerato Grupo B\">2\u00ba Bachillerato Grupo B<\/option><option value=\"2\u00ba Bachillerato Grupo C\">2\u00ba Bachillerato Grupo C<\/option><option value=\"2\u00ba Bachillerato Grupo D\">2\u00ba Bachillerato Grupo D<\/option><\/select><\/span>\n<\/p>\n<p><label> Tel\u00e9fono de contqacto (requerido)<br \/>\n<span class=\"wpcf7-form-control-wrap\" data-name=\"telefono\"><input size=\"40\" maxlength=\"400\" class=\"wpcf7-form-control wpcf7-tel wpcf7-validates-as-required wpcf7-text wpcf7-validates-as-tel\" aria-required=\"true\" aria-invalid=\"false\" value=\"\" type=\"tel\" name=\"telefono\" \/><\/span> <\/label><br \/>\n<label> Correo electr\u00f3nico para env\u00edo de confirmaci\u00f3n (requerido)<br \/>\n<span class=\"wpcf7-form-control-wrap\" data-name=\"correo\"><input size=\"40\" maxlength=\"400\" class=\"wpcf7-form-control wpcf7-email wpcf7-validates-as-required wpcf7-text wpcf7-validates-as-email\" aria-required=\"true\" aria-invalid=\"false\" value=\"\" type=\"email\" name=\"correo\" \/><\/span> <\/label>\n<\/p>\n<p><label>El importe para realizar la reserva del viaje es de 700.00\u20ac<\/label>\n<\/p>\n<p>\n\t<font size=\"2\">La entidad responsable del fichero, Colegio Compa\u00f1\u00eda de Mar\u00eda de Almer\u00eda, usar\u00e1 esta informaci\u00f3n para comunicar, y en su caso confirmar, el pago del servicio. Los datos enviados se almacenan temporalmente en HOSTING propio. Una vez finalizado su cometido ser\u00e1n eliminados.\n\t<\/font>\n<\/p>\n<p><span class=\"wpcf7-form-control-wrap\" data-name=\"Privacidad\"><span class=\"wpcf7-form-control wpcf7-acceptance\"><span class=\"wpcf7-list-item\"><label><input type=\"checkbox\" name=\"Privacidad\" value=\"1\" aria-invalid=\"false\" \/><span class=\"wpcf7-list-item-label\">He le\u00eddo y acepto la Pol\u00edtica de Privacidad.<\/span><\/label><\/span><\/span><\/span>\n<\/p>\n<p><label>Introduzca los caracteres que se muestran a continuaci\u00f3n: <\/label><input type=\"hidden\" name=\"_wpcf7_captcha_challenge_captcha-1\" value=\"4256773978\" \/><img loading=\"lazy\" decoding=\"async\" class=\"wpcf7-form-control wpcf7-captchac wpcf7-captcha-captcha-1\" width=\"72\" height=\"24\" alt=\"captcha\" src=\"http:\/\/tienda.ciademaria.net\/ventaservicios\/wp-content\/uploads\/wpcf7_captcha\/4256773978.png\" \/><span class=\"wpcf7-form-control-wrap\" data-name=\"captcha-1\"><input size=\"40\" class=\"wpcf7-form-control wpcf7-captchar\" autocomplete=\"off\" aria-invalid=\"false\" value=\"\" type=\"text\" name=\"captcha-1\" \/><\/span>\n<\/p>\n<p><input class=\"wpcf7-form-control wpcf7-submit has-spinner\" type=\"submit\" value=\"Continuar con el pago\" \/>\n<\/p>\n<p>\n\t<font size=\"1\">\n\t<\/font>\n\t<font color =\"#FF4500\">2BCH-VE1PLA-2627\n\t<\/font>\n<\/p><div class=\"wpcf7-response-output\" aria-hidden=\"true\"><\/div>\n<\/form>\n<\/div>\n\n\n\n\n<hr class=\"wp-block-separator has-text-color has-bright-blue-color has-css-opacity has-bright-blue-background-color has-background is-style-wide\"\/>\n\n\n<div class=\"wp-block-image\">\n<figure class=\"aligncenter size-large\"><img loading=\"lazy\" decoding=\"async\" width=\"500\" height=\"81\" src=\"http:\/\/tienda.ciademaria.net\/ventaservicios\/wp-content\/uploads\/2019\/09\/logo_almeria-e1568286844576.png\" alt=\"\" class=\"wp-image-8\"\/><\/figure><\/div>\n\n\n<p><\/p>\n","protected":false},"excerpt":{"rendered":"<p>ITALIADesde el lunes, 28 de septiembre hasta el martes, 6 de octubreImporte: 700,00\u20ac Ingresos Hasta el d\u00eda 15 de mayo de 2025 Datos del alumno\/a<\/p>\n","protected":false},"author":1,"featured_media":0,"parent":0,"menu_order":0,"comment_status":"closed","ping_status":"closed","template":"","meta":{"footnotes":""},"class_list":["post-38910","page","type-page","status-publish","hentry"],"_links":{"self":[{"href":"http:\/\/tienda.ciademaria.net\/ventaservicios\/index.php?rest_route=\/wp\/v2\/pages\/38910","targetHints":{"allow":["GET"]}}],"collection":[{"href":"http:\/\/tienda.ciademaria.net\/ventaservicios\/index.php?rest_route=\/wp\/v2\/pages"}],"about":[{"href":"http:\/\/tienda.ciademaria.net\/ventaservicios\/index.php?rest_route=\/wp\/v2\/types\/page"}],"author":[{"embeddable":true,"href":"http:\/\/tienda.ciademaria.net\/ventaservicios\/index.php?rest_route=\/wp\/v2\/users\/1"}],"replies":[{"embeddable":true,"href":"http:\/\/tienda.ciademaria.net\/ventaservicios\/index.php?rest_route=%2Fwp%2Fv2%2Fcomments&post=38910"}],"version-history":[{"count":5,"href":"http:\/\/tienda.ciademaria.net\/ventaservicios\/index.php?rest_route=\/wp\/v2\/pages\/38910\/revisions"}],"predecessor-version":[{"id":38919,"href":"http:\/\/tienda.ciademaria.net\/ventaservicios\/index.php?rest_route=\/wp\/v2\/pages\/38910\/revisions\/38919"}],"wp:attachment":[{"href":"http:\/\/tienda.ciademaria.net\/ventaservicios\/index.php?rest_route=%2Fwp%2Fv2%2Fmedia&parent=38910"}],"curies":[{"name":"wp","href":"https:\/\/api.w.org\/{rel}","templated":true}]}}